{"id":360,"date":"2019-06-09T02:53:00","date_gmt":"2019-06-09T00:53:00","guid":{"rendered":"http:\/\/192.168.1.104\/restaurant\/?page_id=9"},"modified":"2019-06-11T15:57:34","modified_gmt":"2019-06-11T13:57:34","slug":"welcome","status":"publish","type":"page","link":"https:\/\/www.sevilladreamhostel.net\/es\/","title":{"rendered":"Sevilla Dream Hostel"},"content":{"rendered":"\n<style type=\"text\/css\" data-created_by=\"avia_inline_auto\" id=\"style-css-av-6v440-e1279888e375155206726923c13903e0\">\n.avia-section.av-6v440-e1279888e375155206726923c13903e0 .av-parallax .av-parallax-inner{\nbackground-repeat:no-repeat;\nbackground-image:url(https:\/\/www.sevilladreamhostel.net\/wp-content\/uploads\/2019\/06\/catedral-de-sevilla.jpg);\nbackground-position:50% 50%;\nbackground-attachment:scroll;\n}\n<\/style>\n<div id='av_section_1'  class='avia-section av-6v440-e1279888e375155206726923c13903e0 main_color avia-section-default avia-no-shadow  avia-builder-el-0  el_before_av_section  avia-builder-el-first  avia-full-stretch av-parallax-section avia-bg-style-parallax av-minimum-height av-minimum-height-custom av-height-custom  container_wrap sidebar_right'  data-section-bg-repeat='stretch' data-av_minimum_height_px='600'><div class='av-parallax' data-avia-parallax-ratio='0.3' ><div class='av-parallax-inner main_color avia-full-stretch'><\/div><\/div><div class='container av-section-cont-open' style='height:600px'><main  role=\"main\" itemprop=\"mainContentOfPage\"  class='template-page content  av-content-small alpha units'><div class='post-entry post-entry-type-page post-entry-360'><div class='entry-content-wrapper clearfix'>\n\n<style type=\"text\/css\" data-created_by=\"avia_inline_auto\" id=\"style-css-av-jwrv2er1-f955f89adb760a8ea1514884b7860fe9\">\n#top .av-special-heading.av-jwrv2er1-f955f89adb760a8ea1514884b7860fe9{\npadding-bottom:0;\ncolor:#ffffff;\nfont-size:60px;\n}\nbody .av-special-heading.av-jwrv2er1-f955f89adb760a8ea1514884b7860fe9 .av-special-heading-tag .heading-char{\nfont-size:25px;\n}\n#top #wrap_all .av-special-heading.av-jwrv2er1-f955f89adb760a8ea1514884b7860fe9 .av-special-heading-tag{\nfont-size:60px;\n}\n.av-special-heading.av-jwrv2er1-f955f89adb760a8ea1514884b7860fe9 .special-heading-inner-border{\nborder-color:#ffffff;\n}\n.av-special-heading.av-jwrv2er1-f955f89adb760a8ea1514884b7860fe9 .av-subheading{\nfont-size:18px;\n}\n\n@media only screen and (min-width: 480px) and (max-width: 767px){ \n#top #wrap_all .av-special-heading.av-jwrv2er1-f955f89adb760a8ea1514884b7860fe9 .av-special-heading-tag{\nfont-size:0.8em;\n}\n}\n\n@media only screen and (max-width: 479px){ \n#top #wrap_all .av-special-heading.av-jwrv2er1-f955f89adb760a8ea1514884b7860fe9 .av-special-heading-tag{\nfont-size:0.8em;\n}\n}\n<\/style>\n<div  class='av-special-heading av-jwrv2er1-f955f89adb760a8ea1514884b7860fe9 av-special-heading-h1 custom-color-heading blockquote modern-quote  avia-builder-el-1  avia-builder-el-no-sibling  av-thin-font av-inherit-size'><h1 class='av-special-heading-tag '  itemprop=\"headline\"  >Bienvenido a <strong>Sevilla Dream Hostel<\/strong><\/h1><div class='av_custom_color av-subheading av-subheading_below'><p>El hostal para tus momentos en Sevilla<br \/>\n<strong><a href=\"https:\/\/www.sevilladreamhostel.net\/reserva\">Reserva Ya<\/a><\/strong><\/p>\n<\/div><div class=\"special-heading-border\"><div class=\"special-heading-inner-border\"><\/div><\/div><\/div>\n\n<\/div><\/div><\/main><!-- close content main element --><\/div><\/div>\n<style type=\"text\/css\" data-created_by=\"avia_inline_auto\" id=\"style-css-av-60m48-01d48983c4ba34c34e4744f780c417cb\">\n.avia-section.av-60m48-01d48983c4ba34c34e4744f780c417cb{\nbackground-repeat:no-repeat;\nbackground-image:url(https:\/\/www.sevilladreamhostel.net\/wp-content\/uploads\/2014\/07\/fruit_bg.jpg);\nbackground-position:100% 100%;\nbackground-attachment:scroll;\n}\n<\/style>\n<div id='av_section_2'  class='avia-section av-60m48-01d48983c4ba34c34e4744f780c417cb main_color avia-section-large avia-no-border-styling  avia-builder-el-2  el_after_av_section  avia-builder-el-last  avia-bg-style-scroll container_wrap sidebar_right'  data-section-bg-repeat='no-repeat'><div class='container av-section-cont-open' ><div class='template-page content  av-content-small alpha units'><div class='post-entry post-entry-type-page post-entry-360'><div class='entry-content-wrapper clearfix'>\n<div  class='flex_column av-1kflmg-2544537772908296ab6457bc969d1e95 av_two_third  avia-builder-el-3  el_before_av_one_third  avia-builder-el-first  first flex_column_div  '     ><div  class='avia-slideshow av-jr7otw43-f4c6ac38ae988ffc5c56bcb86e83a459 avia-slideshow-magazine av_slideshow avia-fade-slider  avia-builder-el-4  avia-builder-el-no-sibling  av-slideshow-ui av-control-default av-slideshow-autoplay av-loop-endless av-loop-manual-endless av-default-height-applied avia-slideshow-1' data-slideshow-options=\"{&quot;animation&quot;:&quot;fade&quot;,&quot;autoplay&quot;:true,&quot;loop_autoplay&quot;:&quot;endless&quot;,&quot;interval&quot;:5,&quot;loop_manual&quot;:&quot;manual-endless&quot;,&quot;autoplay_stopper&quot;:false,&quot;noNavigation&quot;:false,&quot;bg_slider&quot;:false,&quot;keep_padding&quot;:false,&quot;hoverpause&quot;:false,&quot;show_slide_delay&quot;:0}\"  itemprop=\"image\" itemscope=\"itemscope\" itemtype=\"https:\/\/schema.org\/ImageObject\" ><ul class='avia-slideshow-inner ' style='padding-bottom: 65.104166666667%;'><li  class='avia-slideshow-slide av-jr7otw43-f4c6ac38ae988ffc5c56bcb86e83a459__0  slide-1 slide-odd'><div data-rel='slideshow-1' class='avia-slide-wrap '   ><img decoding=\"async\" fetchpriority=\"high\" class=\"wp-image-1056 avia-img-lazy-loading-not-1056\"  src=\"https:\/\/www.sevilladreamhostel.net\/wp-content\/uploads\/2019\/06\/entry-576x375.jpg\" width=\"576\" height=\"375\" title='entry' alt=''  itemprop=\"thumbnailUrl\"   \/><\/div><\/li><li  class='avia-slideshow-slide av-jr7otw43-f4c6ac38ae988ffc5c56bcb86e83a459__1  slide-2 slide-even'><div data-rel='slideshow-1' class='avia-slide-wrap '   ><img decoding=\"async\" fetchpriority=\"high\" class=\"wp-image-1054 avia-img-lazy-loading-not-1054\"  src=\"https:\/\/www.sevilladreamhostel.net\/wp-content\/uploads\/2019\/06\/bar-576x375.jpg\" width=\"576\" height=\"375\" title='bar' alt=''  itemprop=\"thumbnailUrl\"   \/><\/div><\/li><li  class='avia-slideshow-slide av-jr7otw43-f4c6ac38ae988ffc5c56bcb86e83a459__2  slide-3 slide-odd'><div data-rel='slideshow-1' class='avia-slide-wrap '   ><img decoding=\"async\" fetchpriority=\"high\" class=\"wp-image-1055 avia-img-lazy-loading-not-1055\"  src=\"https:\/\/www.sevilladreamhostel.net\/wp-content\/uploads\/2019\/06\/common-zone-710x375.jpg\" width=\"710\" height=\"375\" title='common zone' alt=''  itemprop=\"thumbnailUrl\"   \/><\/div><\/li><\/ul><div class='avia-slideshow-arrows avia-slideshow-controls' ><a href='#prev' class='prev-slide ' aria-hidden='true' data-av_icon='\ue87c' data-av_iconfont='entypo-fontello'  tabindex='-1'>Anterior<\/a><a href='#next' class='next-slide ' aria-hidden='true' data-av_icon='\ue87d' data-av_iconfont='entypo-fontello'  tabindex='-1'>Posterior<\/a><\/div><div class='avia-slideshow-dots avia-slideshow-controls'><a href='#1' class='goto-slide active' >1<\/a><a href='#2' class='goto-slide ' >2<\/a><a href='#3' class='goto-slide ' >3<\/a><\/div><\/div><\/div>\n<style type=\"text\/css\" data-created_by=\"avia_inline_auto\" id=\"style-css-av-upf14-8b814e9b9ee504655db6a60ff1d08eed\">\n.flex_column.av-upf14-8b814e9b9ee504655db6a60ff1d08eed{\nborder-radius:0px 0px 0px 0px;\npadding:0px 0px 0px 0px;\n}\n<\/style>\n<div  class='flex_column av-upf14-8b814e9b9ee504655db6a60ff1d08eed av_one_third  avia-builder-el-5  el_after_av_two_third  el_before_av_one_half  flex_column_div av-zero-column-padding  '     ><p>\n<style type=\"text\/css\" data-created_by=\"avia_inline_auto\" id=\"style-css-av-jwrv3a13-1f54b3a28c123f1c8e53e8c5f47e2bdc\">\n#top .av-special-heading.av-jwrv3a13-1f54b3a28c123f1c8e53e8c5f47e2bdc{\npadding-bottom:0;\n}\nbody .av-special-heading.av-jwrv3a13-1f54b3a28c123f1c8e53e8c5f47e2bdc .av-special-heading-tag .heading-char{\nfont-size:25px;\n}\n.av-special-heading.av-jwrv3a13-1f54b3a28c123f1c8e53e8c5f47e2bdc .av-subheading{\nfont-size:15px;\n}\n<\/style>\n<div  class='av-special-heading av-jwrv3a13-1f54b3a28c123f1c8e53e8c5f47e2bdc av-special-heading-h2 blockquote modern-quote  avia-builder-el-6  el_before_av_hr  avia-builder-el-first  av-thin-font'><h2 class='av-special-heading-tag '  itemprop=\"headline\"  >C\u00e9ntrico hostal a tan solo <strong>20 min de la Catedral de Sevilla<\/strong><\/h2><div class='av-subheading av-subheading_below'><p>Est\u00e1s a un solo click de vivir Sevilla!<\/p>\n<\/div><div class=\"special-heading-border\"><div class=\"special-heading-inner-border\"><\/div><\/div><\/div><br \/>\n\n<style type=\"text\/css\" data-created_by=\"avia_inline_auto\" id=\"style-css-av-p14v4-e9404073d87b81344ed3dc25c3ea4041\">\n#top .hr.hr-invisible.av-p14v4-e9404073d87b81344ed3dc25c3ea4041{\nheight:1px;\n}\n<\/style>\n<div  class='hr av-p14v4-e9404073d87b81344ed3dc25c3ea4041 hr-invisible  avia-builder-el-7  el_after_av_heading  el_before_av_textblock '><span class='hr-inner '><span class=\"hr-inner-style\"><\/span><\/span><\/div><br \/>\n<section  class='av_textblock_section av-jr7ovfy9-28848669a91d9d24ed13367762bae5b1 '   itemscope=\"itemscope\" itemtype=\"https:\/\/schema.org\/CreativeWork\" ><div class='avia_textblock'  itemprop=\"text\" ><div>\n<p>El <strong>SevillaDream Hostel<\/strong> est\u00e1 situado en Sevilla, a 10 minutos a pie del monasterio de Santa Mar\u00eda de las Cuevas, y ofrece conexi\u00f3n WiFi gratuita. El hostal cuenta con un bar, una terraza y una recepci\u00f3n abierta las 24 horas.<\/p>\n<p>El albergue ofrece habitaciones compartidas de 4, 6 y 8 camas con aire acondicionado y ba\u00f1o compartido. Tambi\u00e9n hay una habitaci\u00f3n con 2 camas individuales, ba\u00f1o privado y ba\u00f1era.<\/p>\n<\/div>\n<div>\n<ul>\n<li>Vive una experiencia \u00fanica: calidad, servicio, <strong>compromiso<\/strong>.<\/li>\n<li>Habitaciones compartidas con 4,6 y 8 camas.<\/li>\n<li>Relaci\u00f3n calidad\/precio inmejorable.<\/li>\n<\/ul>\n<\/div>\n<p>Para que disfrutes de una <strong>experiencia diferente<\/strong>.<\/p>\n<\/div><\/section><br \/>\n<div  class='avia-button-wrap av-kt6yg-d681b026a920b125204bf3105fb05041-wrap avia-button-center  avia-builder-el-9  el_after_av_textblock  avia-builder-el-last '><a href='https:\/\/www.sevilladreamhostel.net\/reserva'  class='avia-button av-kt6yg-d681b026a920b125204bf3105fb05041 av-link-btn avia-icon_select-yes-left-icon avia-size-small avia-position-center avia-color-theme-color'   aria-label=\"Reserva Ya\"><span class='avia_button_icon avia_button_icon_left' aria-hidden='true' data-av_icon='\ue85b' data-av_iconfont='entypo-fontello'><\/span><span class='avia_iconbox_title' >Reserva Ya<\/span><\/a><\/div><\/p><\/div><div  class='flex_column av-cwktc-8c08a6776c789c4bcaf33db4a1197834 av_one_half  avia-builder-el-10  el_after_av_one_third  el_before_av_one_half  first flex_column_div  column-top-margin'     ><p>\n<style type=\"text\/css\" data-created_by=\"avia_inline_auto\" id=\"style-css-av-jr7ovte8-1eefb96ab10bed0e3e7dcb883d9e48de\">\n.avia-image-container.av-jr7ovte8-1eefb96ab10bed0e3e7dcb883d9e48de img.avia_image{\nbox-shadow:none;\n}\n.avia-image-container.av-jr7ovte8-1eefb96ab10bed0e3e7dcb883d9e48de .av-caption-image-overlay-bg{\nopacity:0.4;\nbackground-color:#000000;\n}\n.avia-image-container.av-jr7ovte8-1eefb96ab10bed0e3e7dcb883d9e48de .av-image-caption-overlay-center{\ncolor:#ffffff;\nfont-size:20px;\n}\n<\/style>\n<div  class='avia-image-container av-jr7ovte8-1eefb96ab10bed0e3e7dcb883d9e48de av-styling- av-img-linked avia_animated_image av-animated-when-visible-95 pop-up avia-align-center  avia-builder-el-11  el_before_av_icon_box  avia-builder-el-first  noHover av-overlay-on-hover'   itemprop=\"image\" itemscope=\"itemscope\" itemtype=\"https:\/\/schema.org\/ImageObject\" ><div class=\"avia-image-container-inner\"><div class=\"avia-image-overlay-wrap\"><a href=\"https:\/\/www.sevilladreamhostel.net\/es\/descubre\/\" class='avia_image '  aria-label='entry'><div class=\"av-image-caption-overlay\"><div class=\"av-caption-image-overlay-bg\"><\/div><div class=\"av-image-caption-overlay-position\"><div class=\"av-image-caption-overlay-center\"><p>M\u00e1s info&#8230;.<\/p>\n<\/div><\/div><\/div><img decoding=\"async\" fetchpriority=\"high\" class='wp-image-1056 avia-img-lazy-loading-not-1056 avia_image ' src=\"https:\/\/www.sevilladreamhostel.net\/wp-content\/uploads\/2019\/06\/entry-495x400.jpg\" alt='' title='entry'  height=\"400\" width=\"495\"  itemprop=\"thumbnailUrl\"  \/><\/a><\/div><\/div><\/div><br \/>\n<article  class='iconbox iconbox_left av-jr7ow9h8-7720b33bde2154f519bd6ccc9ec7a22b  avia-builder-el-12  el_after_av_image  avia-builder-el-last '  itemscope=\"itemscope\" itemtype=\"https:\/\/schema.org\/CreativeWork\" ><div class=\"iconbox_content\"><header class=\"entry-content-header\"><div class=\"iconbox_icon heading-color\" aria-hidden='true' data-av_icon='\ue808' data-av_iconfont='entypo-fontello'><\/div><h3 class='iconbox_content_title '  itemprop=\"headline\" ><a href='https:\/\/www.sevilladreamhostel.net\/es\/descubre\/' title='DESCUBRE EL HOTEL'  >DESCUBRE EL HOTEL<\/a><\/h3><\/header><div class='iconbox_content_container '  itemprop=\"text\" ><p>Descubre el hotel.<\/p>\n<p><a href=\"https:\/\/www.sevilladreamhostel.net\/es\/descubre\/\"><strong>M\u00e1s info -><\/strong><\/a><\/p>\n<\/div><\/div><footer class=\"entry-footer\"><\/footer><\/article><\/p><\/div>\n<style type=\"text\/css\" data-created_by=\"avia_inline_auto\" id=\"style-css-av-795ig-440c5416baa9ab58aac6273a531a0bea\">\n.flex_column.av-795ig-440c5416baa9ab58aac6273a531a0bea{\nborder-radius:0px 0px 0px 0px;\npadding:0px 0px 0px 0px;\n}\n<\/style>\n<div  class='flex_column av-795ig-440c5416baa9ab58aac6273a531a0bea av_one_half  avia-builder-el-13  el_after_av_one_half  avia-builder-el-last  flex_column_div av-zero-column-padding  column-top-margin'     ><p>\n<style type=\"text\/css\" data-created_by=\"avia_inline_auto\" id=\"style-css-av-jr7ovznm-aff353dcbd1f169befb4d392dab62817\">\n.avia-image-container.av-jr7ovznm-aff353dcbd1f169befb4d392dab62817 img.avia_image{\nbox-shadow:none;\n}\n.avia-image-container.av-jr7ovznm-aff353dcbd1f169befb4d392dab62817 .av-caption-image-overlay-bg{\nopacity:0.4;\nbackground-color:#000000;\n}\n.avia-image-container.av-jr7ovznm-aff353dcbd1f169befb4d392dab62817 .av-image-caption-overlay-center{\ncolor:#ffffff;\nfont-size:20px;\n}\n<\/style>\n<div  class='avia-image-container av-jr7ovznm-aff353dcbd1f169befb4d392dab62817 av-styling- av-img-linked avia_animated_image av-animated-when-visible-95 pop-up avia-align-center  avia-builder-el-14  el_before_av_icon_box  avia-builder-el-first  noHover av-overlay-on-hover'   itemprop=\"image\" itemscope=\"itemscope\" itemtype=\"https:\/\/schema.org\/ImageObject\" ><div class=\"avia-image-container-inner\"><div class=\"avia-image-overlay-wrap\"><a href=\"https:\/\/www.sevilladreamhostel.net\/es\/dormitorios-y-bar\/\" class='avia_image '  aria-label='bar'><div class=\"av-image-caption-overlay\"><div class=\"av-caption-image-overlay-bg\"><\/div><div class=\"av-image-caption-overlay-position\"><div class=\"av-image-caption-overlay-center\"><p>M\u00e1s info&#8230;.<\/p>\n<\/div><\/div><\/div><img decoding=\"async\" fetchpriority=\"high\" class='wp-image-1054 avia-img-lazy-loading-not-1054 avia_image ' src=\"https:\/\/www.sevilladreamhostel.net\/wp-content\/uploads\/2019\/06\/bar-495x400.jpg\" alt='' title='bar'  height=\"400\" width=\"495\"  itemprop=\"thumbnailUrl\"  \/><\/a><\/div><\/div><\/div><br \/>\n<article  class='iconbox iconbox_left av-jr7owgqj-028e58e38eb2635d56cd4c7e19f38ae9  avia-builder-el-15  el_after_av_image  avia-builder-el-last '  itemscope=\"itemscope\" itemtype=\"https:\/\/schema.org\/CreativeWork\" ><div class=\"iconbox_content\"><header class=\"entry-content-header\"><div class=\"iconbox_icon heading-color\" aria-hidden='true' data-av_icon='\ue808' data-av_iconfont='entypo-fontello'><\/div><h3 class='iconbox_content_title '  itemprop=\"headline\" ><a href='https:\/\/www.sevilladreamhostel.net\/es\/dormitorios-y-bar\/' title='DORMITORIOS Y BAR'  >DORMITORIOS Y BAR<\/a><\/h3><\/header><div class='iconbox_content_container '  itemprop=\"text\" ><p>Muchas configuraciones de dormitorios disponibles. Y un Bar&#8230;<\/p>\n<p><a href=\"https:\/\/www.sevilladreamhostel.net\/es\/dormitorios-y-bar\/\"><strong>M\u00e1s info -><\/strong><\/a><\/p>\n<\/div><\/div><footer class=\"entry-footer\"><\/footer><\/article><\/p><\/div>\n<\/div><\/div><\/div><!-- close content main div --><\/div><\/div><div id='after_section_2'  class='main_color av_default_container_wrap container_wrap sidebar_right'  ><div class='container av-section-cont-open' ><div class='template-page content  av-content-small alpha units'><div class='post-entry post-entry-type-page post-entry-360'><div class='entry-content-wrapper clearfix'>\n","protected":false},"excerpt":{"rendered":"","protected":false},"author":1,"featured_media":0,"parent":0,"menu_order":0,"comment_status":"open","ping_status":"closed","template":"","meta":{"footnotes":""},"class_list":["post-360","page","type-page","status-publish","hentry"],"yoast_head":"<!-- This site is optimized with the Yoast SEO plugin v27.3 - https:\/\/yoast.com\/product\/yoast-seo-wordpress\/ -->\n<title>Sevilla Dream Hostel<\/title>\n<meta name=\"description\" content=\"Sevilla Dream Hostel: tu \u2b50hostal\u2b50 en Sevilla. Situado a tan solo 20 min de la Catedral. La mejor relaci\u00f3n calidad\/precio te espera &gt;&gt;&gt;\" \/>\n<meta name=\"robots\" content=\"index, follow, max-snippet:-1, max-image-preview:large, max-video-preview:-1\" \/>\n<link rel=\"canonical\" href=\"https:\/\/www.sevilladreamhostel.net\/es\/\" \/>\n<meta property=\"og:locale\" content=\"es_ES\" \/>\n<meta property=\"og:type\" content=\"article\" \/>\n<meta property=\"og:title\" content=\"Sevilla Dream Hostel\" \/>\n<meta property=\"og:description\" content=\"Sevilla Dream Hostel: tu \u2b50hostal\u2b50 en Sevilla. Situado a tan solo 20 min de la Catedral. La mejor relaci\u00f3n calidad\/precio te espera &gt;&gt;&gt;\" \/>\n<meta property=\"og:url\" content=\"https:\/\/www.sevilladreamhostel.net\/es\/\" \/>\n<meta property=\"og:site_name\" content=\"Sevilla Dream Hostel\" \/>\n<meta property=\"article:modified_time\" content=\"2019-06-11T13:57:34+00:00\" \/>\n<meta name=\"twitter:card\" content=\"summary_large_image\" \/>\n<meta name=\"twitter:label1\" content=\"Tiempo de lectura\" \/>\n\t<meta name=\"twitter:data1\" content=\"5 minutos\" \/>\n<script type=\"application\/ld+json\" class=\"yoast-schema-graph\">{\"@context\":\"https:\\\/\\\/schema.org\",\"@graph\":[{\"@type\":\"WebPage\",\"@id\":\"https:\\\/\\\/www.sevilladreamhostel.net\\\/es\\\/\",\"url\":\"https:\\\/\\\/www.sevilladreamhostel.net\\\/es\\\/\",\"name\":\"Sevilla Dream Hostel\",\"isPartOf\":{\"@id\":\"https:\\\/\\\/www.sevilladreamhostel.net\\\/es\\\/#website\"},\"datePublished\":\"2019-06-09T00:53:00+00:00\",\"dateModified\":\"2019-06-11T13:57:34+00:00\",\"description\":\"Sevilla Dream Hostel: tu \u2b50hostal\u2b50 en Sevilla. Situado a tan solo 20 min de la Catedral. La mejor relaci\u00f3n calidad\\\/precio te espera >>>\",\"breadcrumb\":{\"@id\":\"https:\\\/\\\/www.sevilladreamhostel.net\\\/es\\\/#breadcrumb\"},\"inLanguage\":\"es\",\"potentialAction\":[{\"@type\":\"ReadAction\",\"target\":[\"https:\\\/\\\/www.sevilladreamhostel.net\\\/es\\\/\"]}]},{\"@type\":\"BreadcrumbList\",\"@id\":\"https:\\\/\\\/www.sevilladreamhostel.net\\\/es\\\/#breadcrumb\",\"itemListElement\":[{\"@type\":\"ListItem\",\"position\":1,\"name\":\"Home\",\"item\":\"https:\\\/\\\/www.sevilladreamhostel.net\\\/es\\\/\"},{\"@type\":\"ListItem\",\"position\":2,\"name\":\"Sevilla Dream Hostel\"}]},{\"@type\":\"WebSite\",\"@id\":\"https:\\\/\\\/www.sevilladreamhostel.net\\\/es\\\/#website\",\"url\":\"https:\\\/\\\/www.sevilladreamhostel.net\\\/es\\\/\",\"name\":\"Sevilla Dream Hostel\",\"description\":\"Sevilla Dream Hostel\",\"publisher\":{\"@id\":\"https:\\\/\\\/www.sevilladreamhostel.net\\\/es\\\/#organization\"},\"potentialAction\":[{\"@type\":\"SearchAction\",\"target\":{\"@type\":\"EntryPoint\",\"urlTemplate\":\"https:\\\/\\\/www.sevilladreamhostel.net\\\/es\\\/?s={search_term_string}\"},\"query-input\":{\"@type\":\"PropertyValueSpecification\",\"valueRequired\":true,\"valueName\":\"search_term_string\"}}],\"inLanguage\":\"es\"},{\"@type\":\"Organization\",\"@id\":\"https:\\\/\\\/www.sevilladreamhostel.net\\\/es\\\/#organization\",\"name\":\"Sevilla Dream Hostel\",\"url\":\"https:\\\/\\\/www.sevilladreamhostel.net\\\/es\\\/\",\"logo\":{\"@type\":\"ImageObject\",\"inLanguage\":\"es\",\"@id\":\"https:\\\/\\\/www.sevilladreamhostel.net\\\/es\\\/#\\\/schema\\\/logo\\\/image\\\/\",\"url\":\"https:\\\/\\\/www.sevilladreamhostel.net\\\/wp-content\\\/uploads\\\/2019\\\/06\\\/Sevilla.png\",\"contentUrl\":\"https:\\\/\\\/www.sevilladreamhostel.net\\\/wp-content\\\/uploads\\\/2019\\\/06\\\/Sevilla.png\",\"width\":500,\"height\":500,\"caption\":\"Sevilla Dream Hostel\"},\"image\":{\"@id\":\"https:\\\/\\\/www.sevilladreamhostel.net\\\/es\\\/#\\\/schema\\\/logo\\\/image\\\/\"}}]}<\/script>\n<!-- \/ Yoast SEO plugin. -->","yoast_head_json":{"title":"Sevilla Dream Hostel","description":"Sevilla Dream Hostel: tu \u2b50hostal\u2b50 en Sevilla. Situado a tan solo 20 min de la Catedral. La mejor relaci\u00f3n calidad\/precio te espera >>>","robots":{"index":"index","follow":"follow","max-snippet":"max-snippet:-1","max-image-preview":"max-image-preview:large","max-video-preview":"max-video-preview:-1"},"canonical":"https:\/\/www.sevilladreamhostel.net\/es\/","og_locale":"es_ES","og_type":"article","og_title":"Sevilla Dream Hostel","og_description":"Sevilla Dream Hostel: tu \u2b50hostal\u2b50 en Sevilla. Situado a tan solo 20 min de la Catedral. La mejor relaci\u00f3n calidad\/precio te espera >>>","og_url":"https:\/\/www.sevilladreamhostel.net\/es\/","og_site_name":"Sevilla Dream Hostel","article_modified_time":"2019-06-11T13:57:34+00:00","twitter_card":"summary_large_image","twitter_misc":{"Tiempo de lectura":"5 minutos"},"schema":{"@context":"https:\/\/schema.org","@graph":[{"@type":"WebPage","@id":"https:\/\/www.sevilladreamhostel.net\/es\/","url":"https:\/\/www.sevilladreamhostel.net\/es\/","name":"Sevilla Dream Hostel","isPartOf":{"@id":"https:\/\/www.sevilladreamhostel.net\/es\/#website"},"datePublished":"2019-06-09T00:53:00+00:00","dateModified":"2019-06-11T13:57:34+00:00","description":"Sevilla Dream Hostel: tu \u2b50hostal\u2b50 en Sevilla. Situado a tan solo 20 min de la Catedral. La mejor relaci\u00f3n calidad\/precio te espera >>>","breadcrumb":{"@id":"https:\/\/www.sevilladreamhostel.net\/es\/#breadcrumb"},"inLanguage":"es","potentialAction":[{"@type":"ReadAction","target":["https:\/\/www.sevilladreamhostel.net\/es\/"]}]},{"@type":"BreadcrumbList","@id":"https:\/\/www.sevilladreamhostel.net\/es\/#breadcrumb","itemListElement":[{"@type":"ListItem","position":1,"name":"Home","item":"https:\/\/www.sevilladreamhostel.net\/es\/"},{"@type":"ListItem","position":2,"name":"Sevilla Dream Hostel"}]},{"@type":"WebSite","@id":"https:\/\/www.sevilladreamhostel.net\/es\/#website","url":"https:\/\/www.sevilladreamhostel.net\/es\/","name":"Sevilla Dream Hostel","description":"Sevilla Dream Hostel","publisher":{"@id":"https:\/\/www.sevilladreamhostel.net\/es\/#organization"},"potentialAction":[{"@type":"SearchAction","target":{"@type":"EntryPoint","urlTemplate":"https:\/\/www.sevilladreamhostel.net\/es\/?s={search_term_string}"},"query-input":{"@type":"PropertyValueSpecification","valueRequired":true,"valueName":"search_term_string"}}],"inLanguage":"es"},{"@type":"Organization","@id":"https:\/\/www.sevilladreamhostel.net\/es\/#organization","name":"Sevilla Dream Hostel","url":"https:\/\/www.sevilladreamhostel.net\/es\/","logo":{"@type":"ImageObject","inLanguage":"es","@id":"https:\/\/www.sevilladreamhostel.net\/es\/#\/schema\/logo\/image\/","url":"https:\/\/www.sevilladreamhostel.net\/wp-content\/uploads\/2019\/06\/Sevilla.png","contentUrl":"https:\/\/www.sevilladreamhostel.net\/wp-content\/uploads\/2019\/06\/Sevilla.png","width":500,"height":500,"caption":"Sevilla Dream Hostel"},"image":{"@id":"https:\/\/www.sevilladreamhostel.net\/es\/#\/schema\/logo\/image\/"}}]}},"_links":{"self":[{"href":"https:\/\/www.sevilladreamhostel.net\/es\/wp-json\/wp\/v2\/pages\/360","targetHints":{"allow":["GET"]}}],"collection":[{"href":"https:\/\/www.sevilladreamhostel.net\/es\/wp-json\/wp\/v2\/pages"}],"about":[{"href":"https:\/\/www.sevilladreamhostel.net\/es\/wp-json\/wp\/v2\/types\/page"}],"author":[{"embeddable":true,"href":"https:\/\/www.sevilladreamhostel.net\/es\/wp-json\/wp\/v2\/users\/1"}],"replies":[{"embeddable":true,"href":"https:\/\/www.sevilladreamhostel.net\/es\/wp-json\/wp\/v2\/comments?post=360"}],"version-history":[{"count":5,"href":"https:\/\/www.sevilladreamhostel.net\/es\/wp-json\/wp\/v2\/pages\/360\/revisions"}],"predecessor-version":[{"id":1037,"href":"https:\/\/www.sevilladreamhostel.net\/es\/wp-json\/wp\/v2\/pages\/360\/revisions\/1037"}],"wp:attachment":[{"href":"https:\/\/www.sevilladreamhostel.net\/es\/wp-json\/wp\/v2\/media?parent=360"}],"curies":[{"name":"wp","href":"https:\/\/api.w.org\/{rel}","templated":true}]}}